{"id":48,"date":"2017-01-31T15:54:03","date_gmt":"2017-01-31T13:54:03","guid":{"rendered":"http:\/\/138.201.186.218\/?page_id=48"},"modified":"2017-02-05T17:00:53","modified_gmt":"2017-02-05T15:00:53","slug":"hyvaa-ruokaa","status":"publish","type":"page","link":"https:\/\/kelzenberg.fi\/index.php\/hyvaa-ruokaa\/","title":{"rendered":"Hyv\u00e4\u00e4 ruokaa"},"content":{"rendered":"<p>Ruoan ei l\u00e4ht\u00f6kohtaisesti tarvitse olla pelkk\u00e4 n\u00e4l\u00e4n tainuttaja. Ruoka voi ja <strong>sen pit\u00e4\u00e4kin olla hyv\u00e4\u00e4<\/strong>.<\/p>\n<p>Ekologisesti ajateltuna l\u00e4hiruoka on oiva ratkaisu, jolla tuetaan paikallisia maatalouden sek\u00e4 maito- ja lihatalouden tuottajia. Suomessa on kuitenkin pitk\u00e4 ja pime\u00e4 talvikausi, jonka aikana saattaa olla ekologisesti v\u00e4hemm\u00e4n kuormittavaa (pienempi hiilijalanj\u00e4lki) ostaa Etel\u00e4-Euroopassa tuotettuja vihanneksia.<\/p>\n<p>Koitan hissukseen koota n\u00e4ille sivuille helppoja <em><a href=\"\/index.php\/hyvaa-ruokaa\/resepteja\/\">reseptej\u00e4<\/a><\/em>, joilla saa nopeasti tehty\u00e4 maukasta ruoka helposti.<\/p>\n","protected":false},"excerpt":{"rendered":"<p>Ruoan ei l\u00e4ht\u00f6kohtaisesti tarvitse olla pelkk\u00e4 n\u00e4l\u00e4n tainuttaja. Ruoka voi ja sen pit\u00e4\u00e4kin olla hyv\u00e4\u00e4. Ekologisesti ajateltuna l\u00e4hiruoka on oiva ratkaisu, jolla tuetaan paikallisia maatalouden sek\u00e4 maito- ja lihatalouden tuottajia. Suomessa on kuitenkin pitk\u00e4 ja pime\u00e4 talvikausi, jonka aikana saattaa olla ekologisesti v\u00e4hemm\u00e4n kuormittavaa (pienempi hiilijalanj\u00e4lki) ostaa Etel\u00e4-Euroopassa tuotettuja vihanneksia. Koitan hissukseen koota n\u00e4ille sivuille &hellip; <\/p>\n<p class=\"link-more\"><a href=\"https:\/\/kelzenberg.fi\/index.php\/hyvaa-ruokaa\/\" class=\"more-link\">Continue reading<span class=\"screen-reader-text\"> &#8220;Hyv\u00e4\u00e4 ruokaa&#8221;<\/span><\/a><\/p>\n","protected":false},"author":1,"featured_media":0,"parent":0,"menu_order":0,"comment_status":"closed","ping_status":"closed","template":"","meta":{"footnotes":""},"_links":{"self":[{"href":"https:\/\/kelzenberg.fi\/index.php\/wp-json\/wp\/v2\/pages\/48"}],"collection":[{"href":"https:\/\/kelzenberg.fi\/index.php\/wp-json\/wp\/v2\/pages"}],"about":[{"href":"https:\/\/kelzenberg.fi\/index.php\/wp-json\/wp\/v2\/types\/page"}],"author":[{"embeddable":true,"href":"https:\/\/kelzenberg.fi\/index.php\/wp-json\/wp\/v2\/users\/1"}],"replies":[{"embeddable":true,"href":"https:\/\/kelzenberg.fi\/index.php\/wp-json\/wp\/v2\/comments?post=48"}],"version-history":[{"count":8,"href":"https:\/\/kelzenberg.fi\/index.php\/wp-json\/wp\/v2\/pages\/48\/revisions"}],"predecessor-version":[{"id":104,"href":"https:\/\/kelzenberg.fi\/index.php\/wp-json\/wp\/v2\/pages\/48\/revisions\/104"}],"wp:attachment":[{"href":"https:\/\/kelzenberg.fi\/index.php\/wp-json\/wp\/v2\/media?parent=48"}],"curies":[{"name":"wp","href":"https:\/\/api.w.org\/{rel}","templated":true}]}}